{"id":2218,"date":"2024-08-02T13:10:30","date_gmt":"2024-08-02T11:10:30","guid":{"rendered":"https:\/\/pakhurt.nyloncoffee.eu\/produkt\/zestaw-ochronny-nowosc\/"},"modified":"2025-02-05T09:50:30","modified_gmt":"2025-02-05T08:50:30","slug":"schutzausruestung-neu","status":"publish","type":"product","link":"https:\/\/pakhurt.pl\/de\/produkt\/schutzausruestung-neu\/","title":{"rendered":"Schutzausr\u00fcstung (neu)"},"content":{"rendered":"<p>enth\u00e4lt eine Reihe von Produkten zum Schutz des Fahrzeuginnenraums bei Reparaturen. Preis pro Sammelpackung (50 Sets)<br \/>\nInhalt:<br \/>\n1 x Folien-Sesselbezug<br \/>\n1 x Schutzfolienmatte<br \/>\n1 x Folien-Lenkerabdeckung mit Gummiband<br \/>\n1 x Schalthebelschutz<br \/>\n1 x Handbremshebelschutz<br \/>\nSammelverpackung: Karton &#8211; 50 Sets<\/p>\n","protected":false},"excerpt":{"rendered":"<p>enth\u00e4lt eine Reihe von Produkten zum Schutz des Fahrzeuginnenraums bei Reparaturen. Preis pro Sammelpackung (50 Sets)<\/p>\n","protected":false},"featured_media":2219,"template":"","meta":[],"product_brand":[],"product_cat":[55],"product_tag":[],"class_list":{"0":"post-2218","1":"product","2":"type-product","3":"status-publish","4":"has-post-thumbnail","6":"product_cat-fuer-die-werkstatt","8":"first","9":"instock","10":"taxable","11":"shipping-taxable","12":"purchasable","13":"product-type-simple"},"acf":[],"yoast_head":"<!-- This site is optimized with the Yoast SEO plugin v26.9 - https:\/\/yoast.com\/product\/yoast-seo-wordpress\/ -->\n<title>Zestaw ochronny (nowo\u015b\u0107)- Producent opakowa\u0144 foliowych - Pak-Hurt<\/title>\n<meta name=\"description\" content=\"Fabryka opakowa\u0144 foliowych Pak-Hurt, drukarnia flexo, laminaty. Rzesz\u00f3w Ul.Po\u0142oni\u0144ska 12. Firmowy sklep - Zestaw ochronny (nowo\u015b\u0107)\" \/>\n<meta name=\"robots\" content=\"index, follow, max-snippet:-1, max-image-preview:large, max-video-preview:-1\" \/>\n<link rel=\"canonical\" href=\"https:\/\/pakhurt.pl\/de\/produkt\/schutzausruestung-neu\/\" \/>\n<meta property=\"og:locale\" content=\"de_DE\" \/>\n<meta property=\"og:type\" content=\"article\" \/>\n<meta property=\"og:title\" content=\"Zestaw ochronny (nowo\u015b\u0107)- Producent opakowa\u0144 foliowych - Pak-Hurt\" \/>\n<meta property=\"og:description\" content=\"Fabryka opakowa\u0144 foliowych Pak-Hurt, drukarnia flexo, laminaty. Rzesz\u00f3w Ul.Po\u0142oni\u0144ska 12. Firmowy sklep - Zestaw ochronny (nowo\u015b\u0107)\" \/>\n<meta property=\"og:url\" content=\"https:\/\/pakhurt.pl\/de\/produkt\/schutzausruestung-neu\/\" \/>\n<meta property=\"og:site_name\" content=\"PAK-HURT\" \/>\n<meta property=\"article:modified_time\" content=\"2025-02-05T08:50:30+00:00\" \/>\n<meta property=\"og:image\" content=\"https:\/\/pakhurt.pl\/wp-content\/uploads\/2024\/08\/3692a9e82867ea75a4870f1636523404.jpg\" \/>\n\t<meta property=\"og:image:width\" content=\"1236\" \/>\n\t<meta property=\"og:image:height\" content=\"1753\" \/>\n\t<meta property=\"og:image:type\" content=\"image\/jpeg\" \/>\n<meta name=\"twitter:card\" content=\"summary_large_image\" \/>\n<meta name=\"twitter:label1\" content=\"Gesch\u00e4tzte Lesezeit\" \/>\n\t<meta name=\"twitter:data1\" content=\"1\u00a0Minute\" \/>\n<script type=\"application\/ld+json\" class=\"yoast-schema-graph\">{\"@context\":\"https:\/\/schema.org\",\"@graph\":[{\"@type\":\"WebPage\",\"@id\":\"https:\/\/pakhurt.pl\/de\/produkt\/schutzausruestung-neu\/\",\"url\":\"https:\/\/pakhurt.pl\/de\/produkt\/schutzausruestung-neu\/\",\"name\":\"Zestaw ochronny (nowo\u015b\u0107)- Producent opakowa\u0144 foliowych - Pak-Hurt\",\"isPartOf\":{\"@id\":\"https:\/\/pakhurt.pl\/de\/#website\"},\"primaryImageOfPage\":{\"@id\":\"https:\/\/pakhurt.pl\/de\/produkt\/schutzausruestung-neu\/#primaryimage\"},\"image\":{\"@id\":\"https:\/\/pakhurt.pl\/de\/produkt\/schutzausruestung-neu\/#primaryimage\"},\"thumbnailUrl\":\"https:\/\/pakhurt.pl\/wp-content\/uploads\/2024\/08\/3692a9e82867ea75a4870f1636523404.jpg\",\"datePublished\":\"2024-08-02T11:10:30+00:00\",\"dateModified\":\"2025-02-05T08:50:30+00:00\",\"description\":\"Fabryka opakowa\u0144 foliowych Pak-Hurt, drukarnia flexo, laminaty. Rzesz\u00f3w Ul.Po\u0142oni\u0144ska 12. Firmowy sklep - Zestaw ochronny (nowo\u015b\u0107)\",\"breadcrumb\":{\"@id\":\"https:\/\/pakhurt.pl\/de\/produkt\/schutzausruestung-neu\/#breadcrumb\"},\"inLanguage\":\"de\",\"potentialAction\":[{\"@type\":\"ReadAction\",\"target\":[\"https:\/\/pakhurt.pl\/de\/produkt\/schutzausruestung-neu\/\"]}]},{\"@type\":\"ImageObject\",\"inLanguage\":\"de\",\"@id\":\"https:\/\/pakhurt.pl\/de\/produkt\/schutzausruestung-neu\/#primaryimage\",\"url\":\"https:\/\/pakhurt.pl\/wp-content\/uploads\/2024\/08\/3692a9e82867ea75a4870f1636523404.jpg\",\"contentUrl\":\"https:\/\/pakhurt.pl\/wp-content\/uploads\/2024\/08\/3692a9e82867ea75a4870f1636523404.jpg\",\"width\":1236,\"height\":1753},{\"@type\":\"BreadcrumbList\",\"@id\":\"https:\/\/pakhurt.pl\/de\/produkt\/schutzausruestung-neu\/#breadcrumb\",\"itemListElement\":[{\"@type\":\"ListItem\",\"position\":1,\"name\":\"Gesch\u00e4ft\",\"item\":\"https:\/\/pakhurt.pl\/de\/geschaft\/\"},{\"@type\":\"ListItem\",\"position\":2,\"name\":\"Schutzausr\u00fcstung (neu)\"}]},{\"@type\":\"WebSite\",\"@id\":\"https:\/\/pakhurt.pl\/de\/#website\",\"url\":\"https:\/\/pakhurt.pl\/de\/\",\"name\":\"PAK-HURT\",\"description\":\"\",\"publisher\":{\"@id\":\"https:\/\/pakhurt.pl\/de\/#organization\"},\"potentialAction\":[{\"@type\":\"SearchAction\",\"target\":{\"@type\":\"EntryPoint\",\"urlTemplate\":\"https:\/\/pakhurt.pl\/de\/?s={search_term_string}\"},\"query-input\":{\"@type\":\"PropertyValueSpecification\",\"valueRequired\":true,\"valueName\":\"search_term_string\"}}],\"inLanguage\":\"de\"},{\"@type\":\"Organization\",\"@id\":\"https:\/\/pakhurt.pl\/de\/#organization\",\"name\":\"PAK-HURT\",\"url\":\"https:\/\/pakhurt.pl\/de\/\",\"logo\":{\"@type\":\"ImageObject\",\"inLanguage\":\"de\",\"@id\":\"https:\/\/pakhurt.pl\/de\/#\/schema\/logo\/image\/\",\"url\":\"https:\/\/pakhurt.pl\/wp-content\/uploads\/2024\/07\/pak-hurt_logo_RGB.png\",\"contentUrl\":\"https:\/\/pakhurt.pl\/wp-content\/uploads\/2024\/07\/pak-hurt_logo_RGB.png\",\"width\":1802,\"height\":620,\"caption\":\"PAK-HURT\"},\"image\":{\"@id\":\"https:\/\/pakhurt.pl\/de\/#\/schema\/logo\/image\/\"}}]}<\/script>\n<!-- \/ Yoast SEO plugin. -->","yoast_head_json":{"title":"Zestaw ochronny (nowo\u015b\u0107)- Producent opakowa\u0144 foliowych - Pak-Hurt","description":"Fabryka opakowa\u0144 foliowych Pak-Hurt, drukarnia flexo, laminaty. Rzesz\u00f3w Ul.Po\u0142oni\u0144ska 12. Firmowy sklep - Zestaw ochronny (nowo\u015b\u0107)","robots":{"index":"index","follow":"follow","max-snippet":"max-snippet:-1","max-image-preview":"max-image-preview:large","max-video-preview":"max-video-preview:-1"},"canonical":"https:\/\/pakhurt.pl\/de\/produkt\/schutzausruestung-neu\/","og_locale":"de_DE","og_type":"article","og_title":"Zestaw ochronny (nowo\u015b\u0107)- Producent opakowa\u0144 foliowych - Pak-Hurt","og_description":"Fabryka opakowa\u0144 foliowych Pak-Hurt, drukarnia flexo, laminaty. Rzesz\u00f3w Ul.Po\u0142oni\u0144ska 12. Firmowy sklep - Zestaw ochronny (nowo\u015b\u0107)","og_url":"https:\/\/pakhurt.pl\/de\/produkt\/schutzausruestung-neu\/","og_site_name":"PAK-HURT","article_modified_time":"2025-02-05T08:50:30+00:00","og_image":[{"width":1236,"height":1753,"url":"https:\/\/pakhurt.pl\/wp-content\/uploads\/2024\/08\/3692a9e82867ea75a4870f1636523404.jpg","type":"image\/jpeg"}],"twitter_card":"summary_large_image","twitter_misc":{"Gesch\u00e4tzte Lesezeit":"1\u00a0Minute"},"schema":{"@context":"https:\/\/schema.org","@graph":[{"@type":"WebPage","@id":"https:\/\/pakhurt.pl\/de\/produkt\/schutzausruestung-neu\/","url":"https:\/\/pakhurt.pl\/de\/produkt\/schutzausruestung-neu\/","name":"Zestaw ochronny (nowo\u015b\u0107)- Producent opakowa\u0144 foliowych - Pak-Hurt","isPartOf":{"@id":"https:\/\/pakhurt.pl\/de\/#website"},"primaryImageOfPage":{"@id":"https:\/\/pakhurt.pl\/de\/produkt\/schutzausruestung-neu\/#primaryimage"},"image":{"@id":"https:\/\/pakhurt.pl\/de\/produkt\/schutzausruestung-neu\/#primaryimage"},"thumbnailUrl":"https:\/\/pakhurt.pl\/wp-content\/uploads\/2024\/08\/3692a9e82867ea75a4870f1636523404.jpg","datePublished":"2024-08-02T11:10:30+00:00","dateModified":"2025-02-05T08:50:30+00:00","description":"Fabryka opakowa\u0144 foliowych Pak-Hurt, drukarnia flexo, laminaty. Rzesz\u00f3w Ul.Po\u0142oni\u0144ska 12. Firmowy sklep - Zestaw ochronny (nowo\u015b\u0107)","breadcrumb":{"@id":"https:\/\/pakhurt.pl\/de\/produkt\/schutzausruestung-neu\/#breadcrumb"},"inLanguage":"de","potentialAction":[{"@type":"ReadAction","target":["https:\/\/pakhurt.pl\/de\/produkt\/schutzausruestung-neu\/"]}]},{"@type":"ImageObject","inLanguage":"de","@id":"https:\/\/pakhurt.pl\/de\/produkt\/schutzausruestung-neu\/#primaryimage","url":"https:\/\/pakhurt.pl\/wp-content\/uploads\/2024\/08\/3692a9e82867ea75a4870f1636523404.jpg","contentUrl":"https:\/\/pakhurt.pl\/wp-content\/uploads\/2024\/08\/3692a9e82867ea75a4870f1636523404.jpg","width":1236,"height":1753},{"@type":"BreadcrumbList","@id":"https:\/\/pakhurt.pl\/de\/produkt\/schutzausruestung-neu\/#breadcrumb","itemListElement":[{"@type":"ListItem","position":1,"name":"Gesch\u00e4ft","item":"https:\/\/pakhurt.pl\/de\/geschaft\/"},{"@type":"ListItem","position":2,"name":"Schutzausr\u00fcstung (neu)"}]},{"@type":"WebSite","@id":"https:\/\/pakhurt.pl\/de\/#website","url":"https:\/\/pakhurt.pl\/de\/","name":"PAK-HURT","description":"","publisher":{"@id":"https:\/\/pakhurt.pl\/de\/#organization"},"potentialAction":[{"@type":"SearchAction","target":{"@type":"EntryPoint","urlTemplate":"https:\/\/pakhurt.pl\/de\/?s={search_term_string}"},"query-input":{"@type":"PropertyValueSpecification","valueRequired":true,"valueName":"search_term_string"}}],"inLanguage":"de"},{"@type":"Organization","@id":"https:\/\/pakhurt.pl\/de\/#organization","name":"PAK-HURT","url":"https:\/\/pakhurt.pl\/de\/","logo":{"@type":"ImageObject","inLanguage":"de","@id":"https:\/\/pakhurt.pl\/de\/#\/schema\/logo\/image\/","url":"https:\/\/pakhurt.pl\/wp-content\/uploads\/2024\/07\/pak-hurt_logo_RGB.png","contentUrl":"https:\/\/pakhurt.pl\/wp-content\/uploads\/2024\/07\/pak-hurt_logo_RGB.png","width":1802,"height":620,"caption":"PAK-HURT"},"image":{"@id":"https:\/\/pakhurt.pl\/de\/#\/schema\/logo\/image\/"}}]}},"_links":{"self":[{"href":"https:\/\/pakhurt.pl\/de\/wp-json\/wp\/v2\/product\/2218","targetHints":{"allow":["GET"]}}],"collection":[{"href":"https:\/\/pakhurt.pl\/de\/wp-json\/wp\/v2\/product"}],"about":[{"href":"https:\/\/pakhurt.pl\/de\/wp-json\/wp\/v2\/types\/product"}],"wp:featuredmedia":[{"embeddable":true,"href":"https:\/\/pakhurt.pl\/de\/wp-json\/wp\/v2\/media\/2219"}],"wp:attachment":[{"href":"https:\/\/pakhurt.pl\/de\/wp-json\/wp\/v2\/media?parent=2218"}],"wp:term":[{"taxonomy":"product_brand","embeddable":true,"href":"https:\/\/pakhurt.pl\/de\/wp-json\/wp\/v2\/product_brand?post=2218"},{"taxonomy":"product_cat","embeddable":true,"href":"https:\/\/pakhurt.pl\/de\/wp-json\/wp\/v2\/product_cat?post=2218"},{"taxonomy":"product_tag","embeddable":true,"href":"https:\/\/pakhurt.pl\/de\/wp-json\/wp\/v2\/product_tag?post=2218"}],"curies":[{"name":"wp","href":"https:\/\/api.w.org\/{rel}","templated":true}]}}