{"id":2001,"date":"2024-08-02T13:10:30","date_gmt":"2024-08-02T11:10:30","guid":{"rendered":"https:\/\/pakhurt.nyloncoffee.eu\/produkt\/stojak\/"},"modified":"2025-02-04T08:59:36","modified_gmt":"2025-02-04T07:59:36","slug":"stand","status":"publish","type":"product","link":"https:\/\/pakhurt.pl\/en\/produkt\/stand\/","title":{"rendered":"Stand"},"content":{"rendered":"<p>A stand with three bars<\/p>\n<p>Stand for seat covers, floor mats and protective bags for tires on a roll. At the top can be placed foil for securin the steering wheel. Available in blue. Height 110 cm, width 72 cm, lenght 60 cm. The stand is delivered to the customer in parts ready for assembly.<\/p>\n","protected":false},"excerpt":{"rendered":"<p>A stand with three bars<\/p>\n","protected":false},"featured_media":1770,"template":"","meta":[],"product_brand":[],"product_cat":[47],"product_tag":[],"class_list":{"0":"post-2001","1":"product","2":"type-product","3":"status-publish","4":"has-post-thumbnail","6":"product_cat-for-workshops","8":"first","9":"instock","10":"taxable","11":"shipping-taxable","12":"purchasable","13":"product-type-simple"},"acf":[],"yoast_head":"<!-- This site is optimized with the Yoast SEO plugin v26.9 - https:\/\/yoast.com\/product\/yoast-seo-wordpress\/ -->\n<title>Stojak na pokrowce- Producent opakowa\u0144 foliowych - Pak-Hurt<\/title>\n<meta name=\"description\" content=\"Fabryka opakowa\u0144 foliowych Pak-Hurt, drukarnia flexo, laminaty. Rzesz\u00f3w Ul.Po\u0142oni\u0144ska 12. Firmowy sklep - stojak na pokrowce\" \/>\n<meta name=\"robots\" content=\"index, follow, max-snippet:-1, max-image-preview:large, max-video-preview:-1\" \/>\n<link rel=\"canonical\" href=\"https:\/\/pakhurt.pl\/en\/produkt\/stand\/\" \/>\n<meta property=\"og:locale\" content=\"en_US\" \/>\n<meta property=\"og:type\" content=\"article\" \/>\n<meta property=\"og:title\" content=\"Stojak na pokrowce- Producent opakowa\u0144 foliowych - Pak-Hurt\" \/>\n<meta property=\"og:description\" content=\"Fabryka opakowa\u0144 foliowych Pak-Hurt, drukarnia flexo, laminaty. Rzesz\u00f3w Ul.Po\u0142oni\u0144ska 12. Firmowy sklep - stojak na pokrowce\" \/>\n<meta property=\"og:url\" content=\"https:\/\/pakhurt.pl\/en\/produkt\/stand\/\" \/>\n<meta property=\"og:site_name\" content=\"PAK-HURT\" \/>\n<meta property=\"article:modified_time\" content=\"2025-02-04T07:59:36+00:00\" \/>\n<meta property=\"og:image\" content=\"https:\/\/pakhurt.pl\/wp-content\/uploads\/2024\/08\/stojak.jpg\" \/>\n\t<meta property=\"og:image:width\" content=\"635\" \/>\n\t<meta property=\"og:image:height\" content=\"993\" \/>\n\t<meta property=\"og:image:type\" content=\"image\/jpeg\" \/>\n<meta name=\"twitter:card\" content=\"summary_large_image\" \/>\n<meta name=\"twitter:label1\" content=\"Est. reading time\" \/>\n\t<meta name=\"twitter:data1\" content=\"1 minute\" \/>\n<script type=\"application\/ld+json\" class=\"yoast-schema-graph\">{\"@context\":\"https:\/\/schema.org\",\"@graph\":[{\"@type\":\"WebPage\",\"@id\":\"https:\/\/pakhurt.pl\/en\/produkt\/stand\/\",\"url\":\"https:\/\/pakhurt.pl\/en\/produkt\/stand\/\",\"name\":\"Stojak na pokrowce- Producent opakowa\u0144 foliowych - Pak-Hurt\",\"isPartOf\":{\"@id\":\"https:\/\/pakhurt.pl\/en\/#website\"},\"primaryImageOfPage\":{\"@id\":\"https:\/\/pakhurt.pl\/en\/produkt\/stand\/#primaryimage\"},\"image\":{\"@id\":\"https:\/\/pakhurt.pl\/en\/produkt\/stand\/#primaryimage\"},\"thumbnailUrl\":\"https:\/\/pakhurt.pl\/wp-content\/uploads\/2024\/08\/stojak.jpg\",\"datePublished\":\"2024-08-02T11:10:30+00:00\",\"dateModified\":\"2025-02-04T07:59:36+00:00\",\"description\":\"Fabryka opakowa\u0144 foliowych Pak-Hurt, drukarnia flexo, laminaty. Rzesz\u00f3w Ul.Po\u0142oni\u0144ska 12. Firmowy sklep - stojak na pokrowce\",\"breadcrumb\":{\"@id\":\"https:\/\/pakhurt.pl\/en\/produkt\/stand\/#breadcrumb\"},\"inLanguage\":\"en-US\",\"potentialAction\":[{\"@type\":\"ReadAction\",\"target\":[\"https:\/\/pakhurt.pl\/en\/produkt\/stand\/\"]}]},{\"@type\":\"ImageObject\",\"inLanguage\":\"en-US\",\"@id\":\"https:\/\/pakhurt.pl\/en\/produkt\/stand\/#primaryimage\",\"url\":\"https:\/\/pakhurt.pl\/wp-content\/uploads\/2024\/08\/stojak.jpg\",\"contentUrl\":\"https:\/\/pakhurt.pl\/wp-content\/uploads\/2024\/08\/stojak.jpg\",\"width\":635,\"height\":993},{\"@type\":\"BreadcrumbList\",\"@id\":\"https:\/\/pakhurt.pl\/en\/produkt\/stand\/#breadcrumb\",\"itemListElement\":[{\"@type\":\"ListItem\",\"position\":1,\"name\":\"Store\",\"item\":\"https:\/\/pakhurt.pl\/en\/store\/\"},{\"@type\":\"ListItem\",\"position\":2,\"name\":\"Stand\"}]},{\"@type\":\"WebSite\",\"@id\":\"https:\/\/pakhurt.pl\/en\/#website\",\"url\":\"https:\/\/pakhurt.pl\/en\/\",\"name\":\"PAK-HURT\",\"description\":\"\",\"publisher\":{\"@id\":\"https:\/\/pakhurt.pl\/en\/#organization\"},\"potentialAction\":[{\"@type\":\"SearchAction\",\"target\":{\"@type\":\"EntryPoint\",\"urlTemplate\":\"https:\/\/pakhurt.pl\/en\/?s={search_term_string}\"},\"query-input\":{\"@type\":\"PropertyValueSpecification\",\"valueRequired\":true,\"valueName\":\"search_term_string\"}}],\"inLanguage\":\"en-US\"},{\"@type\":\"Organization\",\"@id\":\"https:\/\/pakhurt.pl\/en\/#organization\",\"name\":\"PAK-HURT\",\"url\":\"https:\/\/pakhurt.pl\/en\/\",\"logo\":{\"@type\":\"ImageObject\",\"inLanguage\":\"en-US\",\"@id\":\"https:\/\/pakhurt.pl\/en\/#\/schema\/logo\/image\/\",\"url\":\"https:\/\/pakhurt.pl\/wp-content\/uploads\/2024\/07\/pak-hurt_logo_RGB.png\",\"contentUrl\":\"https:\/\/pakhurt.pl\/wp-content\/uploads\/2024\/07\/pak-hurt_logo_RGB.png\",\"width\":1802,\"height\":620,\"caption\":\"PAK-HURT\"},\"image\":{\"@id\":\"https:\/\/pakhurt.pl\/en\/#\/schema\/logo\/image\/\"}}]}<\/script>\n<!-- \/ Yoast SEO plugin. -->","yoast_head_json":{"title":"Stojak na pokrowce- Producent opakowa\u0144 foliowych - Pak-Hurt","description":"Fabryka opakowa\u0144 foliowych Pak-Hurt, drukarnia flexo, laminaty. Rzesz\u00f3w Ul.Po\u0142oni\u0144ska 12. Firmowy sklep - stojak na pokrowce","robots":{"index":"index","follow":"follow","max-snippet":"max-snippet:-1","max-image-preview":"max-image-preview:large","max-video-preview":"max-video-preview:-1"},"canonical":"https:\/\/pakhurt.pl\/en\/produkt\/stand\/","og_locale":"en_US","og_type":"article","og_title":"Stojak na pokrowce- Producent opakowa\u0144 foliowych - Pak-Hurt","og_description":"Fabryka opakowa\u0144 foliowych Pak-Hurt, drukarnia flexo, laminaty. Rzesz\u00f3w Ul.Po\u0142oni\u0144ska 12. Firmowy sklep - stojak na pokrowce","og_url":"https:\/\/pakhurt.pl\/en\/produkt\/stand\/","og_site_name":"PAK-HURT","article_modified_time":"2025-02-04T07:59:36+00:00","og_image":[{"width":635,"height":993,"url":"https:\/\/pakhurt.pl\/wp-content\/uploads\/2024\/08\/stojak.jpg","type":"image\/jpeg"}],"twitter_card":"summary_large_image","twitter_misc":{"Est. reading time":"1 minute"},"schema":{"@context":"https:\/\/schema.org","@graph":[{"@type":"WebPage","@id":"https:\/\/pakhurt.pl\/en\/produkt\/stand\/","url":"https:\/\/pakhurt.pl\/en\/produkt\/stand\/","name":"Stojak na pokrowce- Producent opakowa\u0144 foliowych - Pak-Hurt","isPartOf":{"@id":"https:\/\/pakhurt.pl\/en\/#website"},"primaryImageOfPage":{"@id":"https:\/\/pakhurt.pl\/en\/produkt\/stand\/#primaryimage"},"image":{"@id":"https:\/\/pakhurt.pl\/en\/produkt\/stand\/#primaryimage"},"thumbnailUrl":"https:\/\/pakhurt.pl\/wp-content\/uploads\/2024\/08\/stojak.jpg","datePublished":"2024-08-02T11:10:30+00:00","dateModified":"2025-02-04T07:59:36+00:00","description":"Fabryka opakowa\u0144 foliowych Pak-Hurt, drukarnia flexo, laminaty. Rzesz\u00f3w Ul.Po\u0142oni\u0144ska 12. Firmowy sklep - stojak na pokrowce","breadcrumb":{"@id":"https:\/\/pakhurt.pl\/en\/produkt\/stand\/#breadcrumb"},"inLanguage":"en-US","potentialAction":[{"@type":"ReadAction","target":["https:\/\/pakhurt.pl\/en\/produkt\/stand\/"]}]},{"@type":"ImageObject","inLanguage":"en-US","@id":"https:\/\/pakhurt.pl\/en\/produkt\/stand\/#primaryimage","url":"https:\/\/pakhurt.pl\/wp-content\/uploads\/2024\/08\/stojak.jpg","contentUrl":"https:\/\/pakhurt.pl\/wp-content\/uploads\/2024\/08\/stojak.jpg","width":635,"height":993},{"@type":"BreadcrumbList","@id":"https:\/\/pakhurt.pl\/en\/produkt\/stand\/#breadcrumb","itemListElement":[{"@type":"ListItem","position":1,"name":"Store","item":"https:\/\/pakhurt.pl\/en\/store\/"},{"@type":"ListItem","position":2,"name":"Stand"}]},{"@type":"WebSite","@id":"https:\/\/pakhurt.pl\/en\/#website","url":"https:\/\/pakhurt.pl\/en\/","name":"PAK-HURT","description":"","publisher":{"@id":"https:\/\/pakhurt.pl\/en\/#organization"},"potentialAction":[{"@type":"SearchAction","target":{"@type":"EntryPoint","urlTemplate":"https:\/\/pakhurt.pl\/en\/?s={search_term_string}"},"query-input":{"@type":"PropertyValueSpecification","valueRequired":true,"valueName":"search_term_string"}}],"inLanguage":"en-US"},{"@type":"Organization","@id":"https:\/\/pakhurt.pl\/en\/#organization","name":"PAK-HURT","url":"https:\/\/pakhurt.pl\/en\/","logo":{"@type":"ImageObject","inLanguage":"en-US","@id":"https:\/\/pakhurt.pl\/en\/#\/schema\/logo\/image\/","url":"https:\/\/pakhurt.pl\/wp-content\/uploads\/2024\/07\/pak-hurt_logo_RGB.png","contentUrl":"https:\/\/pakhurt.pl\/wp-content\/uploads\/2024\/07\/pak-hurt_logo_RGB.png","width":1802,"height":620,"caption":"PAK-HURT"},"image":{"@id":"https:\/\/pakhurt.pl\/en\/#\/schema\/logo\/image\/"}}]}},"_links":{"self":[{"href":"https:\/\/pakhurt.pl\/en\/wp-json\/wp\/v2\/product\/2001","targetHints":{"allow":["GET"]}}],"collection":[{"href":"https:\/\/pakhurt.pl\/en\/wp-json\/wp\/v2\/product"}],"about":[{"href":"https:\/\/pakhurt.pl\/en\/wp-json\/wp\/v2\/types\/product"}],"wp:featuredmedia":[{"embeddable":true,"href":"https:\/\/pakhurt.pl\/en\/wp-json\/wp\/v2\/media\/1770"}],"wp:attachment":[{"href":"https:\/\/pakhurt.pl\/en\/wp-json\/wp\/v2\/media?parent=2001"}],"wp:term":[{"taxonomy":"product_brand","embeddable":true,"href":"https:\/\/pakhurt.pl\/en\/wp-json\/wp\/v2\/product_brand?post=2001"},{"taxonomy":"product_cat","embeddable":true,"href":"https:\/\/pakhurt.pl\/en\/wp-json\/wp\/v2\/product_cat?post=2001"},{"taxonomy":"product_tag","embeddable":true,"href":"https:\/\/pakhurt.pl\/en\/wp-json\/wp\/v2\/product_tag?post=2001"}],"curies":[{"name":"wp","href":"https:\/\/api.w.org\/{rel}","templated":true}]}}